{"id":2661,"date":"2025-10-09T17:02:28","date_gmt":"2025-10-09T15:02:28","guid":{"rendered":"https:\/\/annabelaounblanco.cerfalunettes.fr\/home\/"},"modified":"2025-12-11T10:00:14","modified_gmt":"2025-12-11T09:00:14","slug":"home","status":"publish","type":"page","link":"https:\/\/annabelaounblanco.cerfalunettes.fr\/en\/","title":{"rendered":"Home"},"content":{"rendered":"\t\t<div data-elementor-type=\"wp-page\" data-elementor-id=\"2661\" class=\"elementor elementor-2661 elementor-2\" data-elementor-post-type=\"page\">\n\t\t\t\t<div class=\"elementor-element elementor-element-c025ba6 e-flex e-con-boxed e-con e-parent\" data-id=\"c025ba6\" data-element_type=\"container\">\n\t\t\t\t\t<div class=\"e-con-inner\">\n\t\t\t\t<div class=\"elementor-element elementor-element-8e73a03 elementor-widget elementor-widget-heading\" data-id=\"8e73a03\" data-element_type=\"widget\" data-widget_type=\"heading.default\">\n\t\t\t\t\t<h2 class=\"elementor-heading-title elementor-size-default\">Photographer Videographer Visual Artist<br><\/h2>\t\t\t\t<\/div>\n\t\t\t\t\t<\/div>\n\t\t\t\t<\/div>\n\t\t<div class=\"elementor-element elementor-element-45b533e e-flex e-con-boxed e-con e-parent\" data-id=\"45b533e\" data-element_type=\"container\">\n\t\t\t\t\t<div class=\"e-con-inner\">\n\t\t\t\t<div class=\"elementor-element elementor-element-fa488df elementor-pagination-position-outside elementor-widget elementor-widget-image-carousel\" data-id=\"fa488df\" data-element_type=\"widget\" data-settings=\"{&quot;slides_to_show&quot;:&quot;1&quot;,&quot;autoplay_speed&quot;:3500,&quot;navigation&quot;:&quot;dots&quot;,&quot;autoplay&quot;:&quot;yes&quot;,&quot;pause_on_hover&quot;:&quot;yes&quot;,&quot;pause_on_interaction&quot;:&quot;yes&quot;,&quot;infinite&quot;:&quot;yes&quot;,&quot;effect&quot;:&quot;slide&quot;,&quot;speed&quot;:500}\" data-widget_type=\"image-carousel.default\">\n\t\t\t\t\t\t\t<div class=\"elementor-image-carousel-wrapper swiper\" role=\"region\" aria-roledescription=\"carousel\" aria-label=\"Carrousel d\u2019images\" dir=\"ltr\">\n\t\t\t<div class=\"elementor-image-carousel swiper-wrapper\" aria-live=\"off\">\n\t\t\t\t\t\t\t\t<div class=\"swiper-slide\" role=\"group\" aria-roledescription=\"slide\" aria-label=\"1 of 12\"><figure class=\"swiper-slide-inner\"><img decoding=\"async\" class=\"swiper-slide-image\" src=\"https:\/\/annabelaounblanco.cerfalunettes.fr\/wp-content\/uploads\/2025\/10\/T2A1553_web.jpg\" alt=\"Annabel Aoun Blanco\" \/><figcaption class=\"elementor-image-carousel-caption\">\"Coups apr\u00e8s coups\", mus\u00e9e R\u00e9attu, Arles, 2022<\/figcaption><\/figure><\/div><div class=\"swiper-slide\" role=\"group\" aria-roledescription=\"slide\" aria-label=\"2 of 12\"><figure class=\"swiper-slide-inner\"><img decoding=\"async\" class=\"swiper-slide-image\" src=\"https:\/\/annabelaounblanco.cerfalunettes.fr\/wp-content\/uploads\/2025\/10\/T2A1560_web.jpg\" alt=\"Annabel Aoun Blanco\" \/><figcaption class=\"elementor-image-carousel-caption\">\"Coups apr\u00e8s coups\", mus\u00e9e R\u00e9attu, Arles, 2022<\/figcaption><\/figure><\/div><div class=\"swiper-slide\" role=\"group\" aria-roledescription=\"slide\" aria-label=\"3 of 12\"><figure class=\"swiper-slide-inner\"><img decoding=\"async\" class=\"swiper-slide-image\" src=\"https:\/\/annabelaounblanco.cerfalunettes.fr\/wp-content\/uploads\/2025\/10\/T2A1565_web.jpg\" alt=\"Annabel Aoun Blanco\" \/><figcaption class=\"elementor-image-carousel-caption\">\"Coups apr\u00e8s coups\", mus\u00e9e R\u00e9attu, Arles, 2022<\/figcaption><\/figure><\/div><div class=\"swiper-slide\" role=\"group\" aria-roledescription=\"slide\" aria-label=\"4 of 12\"><figure class=\"swiper-slide-inner\"><img decoding=\"async\" class=\"swiper-slide-image\" src=\"https:\/\/annabelaounblanco.cerfalunettes.fr\/wp-content\/uploads\/2025\/10\/T2A1581_web.jpg\" alt=\"Annabel Aoun Blanco\" \/><figcaption class=\"elementor-image-carousel-caption\">\"Coups apr\u00e8s coups\", mus\u00e9e R\u00e9attu, Arles, 2022<\/figcaption><\/figure><\/div><div class=\"swiper-slide\" role=\"group\" aria-roledescription=\"slide\" aria-label=\"5 of 12\"><figure class=\"swiper-slide-inner\"><img decoding=\"async\" class=\"swiper-slide-image\" src=\"https:\/\/annabelaounblanco.cerfalunettes.fr\/wp-content\/uploads\/2025\/10\/T2A1467_web.jpg\" alt=\"Annabel Aoun Blanco\" \/><figcaption class=\"elementor-image-carousel-caption\">\"Coups apr\u00e8s coups\", mus\u00e9e R\u00e9attu, Arles, 2022<\/figcaption><\/figure><\/div><div class=\"swiper-slide\" role=\"group\" aria-roledescription=\"slide\" aria-label=\"6 of 12\"><figure class=\"swiper-slide-inner\"><img decoding=\"async\" class=\"swiper-slide-image\" src=\"https:\/\/annabelaounblanco.cerfalunettes.fr\/wp-content\/uploads\/2025\/10\/T2A1470_web.jpg\" alt=\"Annabel Aoun Blanco\" \/><figcaption class=\"elementor-image-carousel-caption\">\"Coups apr\u00e8s coups\", mus\u00e9e R\u00e9attu, Arles, 2022<\/figcaption><\/figure><\/div><div class=\"swiper-slide\" role=\"group\" aria-roledescription=\"slide\" aria-label=\"7 of 12\"><figure class=\"swiper-slide-inner\"><img decoding=\"async\" class=\"swiper-slide-image\" src=\"https:\/\/annabelaounblanco.cerfalunettes.fr\/wp-content\/uploads\/2025\/10\/T2A1477_web.jpg\" alt=\"Annabel Aoun Blanco\" \/><figcaption class=\"elementor-image-carousel-caption\">\"Coups apr\u00e8s coups\", mus\u00e9e R\u00e9attu, Arles, 2022<\/figcaption><\/figure><\/div><div class=\"swiper-slide\" role=\"group\" aria-roledescription=\"slide\" aria-label=\"8 of 12\"><figure class=\"swiper-slide-inner\"><img decoding=\"async\" class=\"swiper-slide-image\" src=\"https:\/\/annabelaounblanco.cerfalunettes.fr\/wp-content\/uploads\/2025\/10\/T2A1483_web.jpg\" alt=\"Annabel Aoun Blanco\" \/><figcaption class=\"elementor-image-carousel-caption\">\"Coups apr\u00e8s coups\", mus\u00e9e R\u00e9attu, Arles, 2022<\/figcaption><\/figure><\/div><div class=\"swiper-slide\" role=\"group\" aria-roledescription=\"slide\" aria-label=\"9 of 12\"><figure class=\"swiper-slide-inner\"><img decoding=\"async\" class=\"swiper-slide-image\" src=\"https:\/\/annabelaounblanco.cerfalunettes.fr\/wp-content\/uploads\/2025\/10\/T2A1502_web.jpg\" alt=\"Annabel Aoun Blanco\" \/><figcaption class=\"elementor-image-carousel-caption\">\"Coups apr\u00e8s coups\", mus\u00e9e R\u00e9attu, Arles, 2022<\/figcaption><\/figure><\/div><div class=\"swiper-slide\" role=\"group\" aria-roledescription=\"slide\" aria-label=\"10 of 12\"><figure class=\"swiper-slide-inner\"><img decoding=\"async\" class=\"swiper-slide-image\" src=\"https:\/\/annabelaounblanco.cerfalunettes.fr\/wp-content\/uploads\/2025\/10\/T2A1512_web.jpg\" alt=\"Annabel Aoun Blanco\" \/><figcaption class=\"elementor-image-carousel-caption\">\"Coups apr\u00e8s coups\", mus\u00e9e R\u00e9attu, Arles, 2022<\/figcaption><\/figure><\/div><div class=\"swiper-slide\" role=\"group\" aria-roledescription=\"slide\" aria-label=\"11 of 12\"><figure class=\"swiper-slide-inner\"><img decoding=\"async\" class=\"swiper-slide-image\" src=\"https:\/\/annabelaounblanco.cerfalunettes.fr\/wp-content\/uploads\/2025\/10\/T2A1528_web.jpg\" alt=\"Annabel Aoun Blanco\" \/><figcaption class=\"elementor-image-carousel-caption\">\"Coups apr\u00e8s coups\", mus\u00e9e R\u00e9attu, Arles, 2022<\/figcaption><\/figure><\/div><div class=\"swiper-slide\" role=\"group\" aria-roledescription=\"slide\" aria-label=\"12 of 12\"><figure class=\"swiper-slide-inner\"><img decoding=\"async\" class=\"swiper-slide-image\" src=\"https:\/\/annabelaounblanco.cerfalunettes.fr\/wp-content\/uploads\/2025\/10\/T2A1544_web.jpg\" alt=\"Annabel Aoun Blanco\" \/><figcaption class=\"elementor-image-carousel-caption\">\"Coups apr\u00e8s coups\", mus\u00e9e R\u00e9attu, Arles, 2022<\/figcaption><\/figure><\/div>\t\t\t<\/div>\n\t\t\t\t\t\t\t\n\t\t\t\t\t\t\t\t\t<div class=\"swiper-pagination\"><\/div>\n\t\t\t\t\t\t\t\t\t<\/div>\n\t\t\t\t\t\t<\/div>\n\t\t\t\t\t<\/div>\n\t\t\t\t<\/div>\n\t\t\t\t<\/div>\n\t\t","protected":false},"excerpt":{"rendered":"<p>Photographer Videographer Visual Artist &#8220;Coups apr\u00e8s coups&#8221;, mus\u00e9e R\u00e9attu, Arles, 2022 &#8220;Coups apr\u00e8s coups&#8221;, mus\u00e9e R\u00e9attu, Arles, 2022 &#8220;Coups apr\u00e8s coups&#8221;, mus\u00e9e R\u00e9attu, Arles, 2022 &#8220;Coups apr\u00e8s coups&#8221;, mus\u00e9e R\u00e9attu, Arles, 2022 &#8220;Coups apr\u00e8s coups&#8221;, mus\u00e9e R\u00e9attu, Arles, 2022 &#8220;Coups apr\u00e8s coups&#8221;, mus\u00e9e R\u00e9attu, Arles, 2022 &#8220;Coups apr\u00e8s coups&#8221;, mus\u00e9e R\u00e9attu, Arles, 2022 &#8220;Coups apr\u00e8s [&hellip;]<\/p>\n","protected":false},"author":1,"featured_media":0,"parent":0,"menu_order":0,"comment_status":"closed","ping_status":"closed","template":"","meta":{"footnotes":""},"class_list":["post-2661","page","type-page","status-publish","hentry"],"_links":{"self":[{"href":"https:\/\/annabelaounblanco.cerfalunettes.fr\/en\/wp-json\/wp\/v2\/pages\/2661","targetHints":{"allow":["GET"]}}],"collection":[{"href":"https:\/\/annabelaounblanco.cerfalunettes.fr\/en\/wp-json\/wp\/v2\/pages"}],"about":[{"href":"https:\/\/annabelaounblanco.cerfalunettes.fr\/en\/wp-json\/wp\/v2\/types\/page"}],"author":[{"embeddable":true,"href":"https:\/\/annabelaounblanco.cerfalunettes.fr\/en\/wp-json\/wp\/v2\/users\/1"}],"replies":[{"embeddable":true,"href":"https:\/\/annabelaounblanco.cerfalunettes.fr\/en\/wp-json\/wp\/v2\/comments?post=2661"}],"version-history":[{"count":0,"href":"https:\/\/annabelaounblanco.cerfalunettes.fr\/en\/wp-json\/wp\/v2\/pages\/2661\/revisions"}],"wp:attachment":[{"href":"https:\/\/annabelaounblanco.cerfalunettes.fr\/en\/wp-json\/wp\/v2\/media?parent=2661"}],"curies":[{"name":"wp","href":"https:\/\/api.w.org\/{rel}","templated":true}]}}