{"id":2696,"date":"2025-10-16T16:04:51","date_gmt":"2025-10-16T14:04:51","guid":{"rendered":"https:\/\/annabelaounblanco.cerfalunettes.fr\/keep-me-away-from-you-reattu-museum-arles-2019\/"},"modified":"2025-12-18T14:30:02","modified_gmt":"2025-12-18T13:30:02","slug":"keep-me-away-from-you-reattu-museum-arles-2019","status":"publish","type":"page","link":"https:\/\/annabelaounblanco.cerfalunettes.fr\/en\/keep-me-away-from-you-reattu-museum-arles-2019\/","title":{"rendered":"&#8220;\u00c9loigne moi de toi&#8221;, mus\u00e9e R\u00e9attu, Arles, 2019"},"content":{"rendered":"\t\t<div data-elementor-type=\"wp-page\" data-elementor-id=\"2696\" class=\"elementor elementor-2696 elementor-349\" data-elementor-post-type=\"page\">\n\t\t\t\t<div class=\"elementor-element elementor-element-6d19cb9 e-flex e-con-boxed e-con e-parent\" data-id=\"6d19cb9\" data-element_type=\"container\">\n\t\t\t\t\t<div class=\"e-con-inner\">\n\t\t<div class=\"elementor-element elementor-element-c68c0b6 e-con-full e-flex e-con e-child\" data-id=\"c68c0b6\" data-element_type=\"container\">\n\t\t\t\t<div class=\"elementor-element elementor-element-4cbcd7c elementor-widget__width-inherit elementor-widget elementor-widget-heading\" data-id=\"4cbcd7c\" data-element_type=\"widget\" data-widget_type=\"heading.default\">\n\t\t\t\t\t<h1 class=\"elementor-heading-title elementor-size-default\">Exhibition views\n<\/h1>\t\t\t\t<\/div>\n\t\t\t\t<div class=\"elementor-element elementor-element-a481334 elementor-nav-menu__align-start elementor-nav-menu--dropdown-none elementor-widget__width-initial elementor-widget-mobile__width-initial elementor-widget-tablet__width-auto elementor-widget elementor-widget-nav-menu\" data-id=\"a481334\" data-element_type=\"widget\" data-settings=\"{&quot;layout&quot;:&quot;vertical&quot;,&quot;submenu_icon&quot;:{&quot;value&quot;:&quot;&lt;svg aria-hidden=\\&quot;true\\&quot; class=\\&quot;e-font-icon-svg e-fas-caret-down\\&quot; viewBox=\\&quot;0 0 320 512\\&quot; xmlns=\\&quot;http:\\\/\\\/www.w3.org\\\/2000\\\/svg\\&quot;&gt;&lt;path d=\\&quot;M31.3 192h257.3c17.8 0 26.7 21.5 14.1 34.1L174.1 354.8c-7.8 7.8-20.5 7.8-28.3 0L17.2 226.1C4.6 213.5 13.5 192 31.3 192z\\&quot;&gt;&lt;\\\/path&gt;&lt;\\\/svg&gt;&quot;,&quot;library&quot;:&quot;fa-solid&quot;}}\" data-widget_type=\"nav-menu.default\">\n\t\t\t\t\t\t\t\t<nav aria-label=\"Menu\" class=\"elementor-nav-menu--main elementor-nav-menu__container elementor-nav-menu--layout-vertical e--pointer-underline e--animation-fade\">\n\t\t\t\t<ul id=\"menu-1-a481334\" class=\"elementor-nav-menu sm-vertical\"><li class=\"menu-item menu-item-type-post_type menu-item-object-page menu-item-5249\"><a href=\"https:\/\/annabelaounblanco.cerfalunettes.fr\/en\/coups-apres-coups-reattu-museum-arles-2022\/\" class=\"elementor-item\">\u00ab\u00a0Coups apr\u00e8s coups\u00a0\u00bb, <br>mus\u00e9e R\u00e9attu, Arles, 2022<\/a><\/li>\n<li class=\"menu-item menu-item-type-post_type menu-item-object-page menu-item-5248\"><a href=\"https:\/\/annabelaounblanco.cerfalunettes.fr\/en\/keep-me-away-from-you-reattu-museum-arles-2019\/\" class=\"elementor-item\">\u00ab\u00a0\u00c9loigne moi de toi\u00a0\u00bb, <br>mus\u00e9e R\u00e9attu, Arles, 2019<\/a><\/li>\n<\/ul>\t\t\t<\/nav>\n\t\t\t\t\t\t<nav class=\"elementor-nav-menu--dropdown elementor-nav-menu__container\" aria-hidden=\"true\">\n\t\t\t\t<ul id=\"menu-2-a481334\" class=\"elementor-nav-menu sm-vertical\"><li class=\"menu-item menu-item-type-post_type menu-item-object-page menu-item-5249\"><a href=\"https:\/\/annabelaounblanco.cerfalunettes.fr\/en\/coups-apres-coups-reattu-museum-arles-2022\/\" class=\"elementor-item\" tabindex=\"-1\">\u00ab\u00a0Coups apr\u00e8s coups\u00a0\u00bb, <br>mus\u00e9e R\u00e9attu, Arles, 2022<\/a><\/li>\n<li class=\"menu-item menu-item-type-post_type menu-item-object-page menu-item-5248\"><a href=\"https:\/\/annabelaounblanco.cerfalunettes.fr\/en\/keep-me-away-from-you-reattu-museum-arles-2019\/\" class=\"elementor-item\" tabindex=\"-1\">\u00ab\u00a0\u00c9loigne moi de toi\u00a0\u00bb, <br>mus\u00e9e R\u00e9attu, Arles, 2019<\/a><\/li>\n<\/ul>\t\t\t<\/nav>\n\t\t\t\t\t\t<\/div>\n\t\t\t\t<\/div>\n\t\t<div class=\"elementor-element elementor-element-f254cbd e-con-full e-flex e-con e-child\" data-id=\"f254cbd\" data-element_type=\"container\">\n\t\t\t\t<div class=\"elementor-element elementor-element-5f512f7 elementor-widget elementor-widget-gallery\" data-id=\"5f512f7\" data-element_type=\"widget\" data-settings=\"{&quot;gallery_layout&quot;:&quot;masonry&quot;,&quot;columns&quot;:3,&quot;lazyload&quot;:&quot;yes&quot;,&quot;columns_tablet&quot;:2,&quot;columns_mobile&quot;:1,&quot;gap&quot;:{&quot;unit&quot;:&quot;px&quot;,&quot;size&quot;:10,&quot;sizes&quot;:[]},&quot;gap_tablet&quot;:{&quot;unit&quot;:&quot;px&quot;,&quot;size&quot;:10,&quot;sizes&quot;:[]},&quot;gap_mobile&quot;:{&quot;unit&quot;:&quot;px&quot;,&quot;size&quot;:10,&quot;sizes&quot;:[]},&quot;link_to&quot;:&quot;file&quot;,&quot;overlay_background&quot;:&quot;yes&quot;,&quot;content_hover_animation&quot;:&quot;fade-in&quot;}\" data-widget_type=\"gallery.default\">\n\t\t\t\t\t\t\t<div class=\"elementor-gallery__container\">\n\t\t\t\t\t\t\t<a class=\"e-gallery-item elementor-gallery-item elementor-animated-content\" href=\"https:\/\/annabelaounblanco.cerfalunettes.fr\/wp-content\/uploads\/2025\/10\/01-big.gif\" data-elementor-open-lightbox=\"yes\" data-elementor-lightbox-slideshow=\"5f512f7\" data-e-action-hash=\"#elementor-action%3Aaction%3Dlightbox%26settings%3DeyJpZCI6MjY5NywidXJsIjoiaHR0cHM6XC9cL2FubmFiZWxhb3VuYmxhbmNvLmNlcmZhbHVuZXR0ZXMuZnJcL3dwLWNvbnRlbnRcL3VwbG9hZHNcLzIwMjVcLzEwXC8wMS1iaWcuZ2lmIiwic2xpZGVzaG93IjoiNWY1MTJmNyJ9\">\n\t\t\t\t\t<div class=\"e-gallery-image elementor-gallery-item__image\" data-thumbnail=\"https:\/\/annabelaounblanco.cerfalunettes.fr\/wp-content\/uploads\/2025\/10\/01-big.gif\" data-width=\"1190\" data-height=\"477\" aria-label=\"&quot;Keep me away from you&quot;, R\u00e9attu Museum, Arles, 2019\" role=\"img\" ><\/div>\n\t\t\t\t\t\t\t\t\t\t\t<div class=\"elementor-gallery-item__overlay\"><\/div>\n\t\t\t\t\t\t\t\t\t\t\t\t\t\t<\/a>\n\t\t\t\t\t\t\t<a class=\"e-gallery-item elementor-gallery-item elementor-animated-content\" href=\"https:\/\/annabelaounblanco.cerfalunettes.fr\/wp-content\/uploads\/2025\/10\/02-big.gif\" data-elementor-open-lightbox=\"yes\" data-elementor-lightbox-slideshow=\"5f512f7\" data-e-action-hash=\"#elementor-action%3Aaction%3Dlightbox%26settings%3DeyJpZCI6MjY5OCwidXJsIjoiaHR0cHM6XC9cL2FubmFiZWxhb3VuYmxhbmNvLmNlcmZhbHVuZXR0ZXMuZnJcL3dwLWNvbnRlbnRcL3VwbG9hZHNcLzIwMjVcLzEwXC8wMi1iaWcuZ2lmIiwic2xpZGVzaG93IjoiNWY1MTJmNyJ9\">\n\t\t\t\t\t<div class=\"e-gallery-image elementor-gallery-item__image\" data-thumbnail=\"https:\/\/annabelaounblanco.cerfalunettes.fr\/wp-content\/uploads\/2025\/10\/02-big.gif\" data-width=\"1190\" data-height=\"477\" aria-label=\"&quot;Keep me away from you&quot;, R\u00e9attu Museum, Arles, 2019\" role=\"img\" ><\/div>\n\t\t\t\t\t\t\t\t\t\t\t<div class=\"elementor-gallery-item__overlay\"><\/div>\n\t\t\t\t\t\t\t\t\t\t\t\t\t\t<\/a>\n\t\t\t\t\t\t\t<a class=\"e-gallery-item elementor-gallery-item elementor-animated-content\" href=\"https:\/\/annabelaounblanco.cerfalunettes.fr\/wp-content\/uploads\/2025\/10\/03-big.gif\" data-elementor-open-lightbox=\"yes\" data-elementor-lightbox-slideshow=\"5f512f7\" data-e-action-hash=\"#elementor-action%3Aaction%3Dlightbox%26settings%3DeyJpZCI6MjY5OSwidXJsIjoiaHR0cHM6XC9cL2FubmFiZWxhb3VuYmxhbmNvLmNlcmZhbHVuZXR0ZXMuZnJcL3dwLWNvbnRlbnRcL3VwbG9hZHNcLzIwMjVcLzEwXC8wMy1iaWcuZ2lmIiwic2xpZGVzaG93IjoiNWY1MTJmNyJ9\">\n\t\t\t\t\t<div class=\"e-gallery-image elementor-gallery-item__image\" data-thumbnail=\"https:\/\/annabelaounblanco.cerfalunettes.fr\/wp-content\/uploads\/2025\/10\/03-big.gif\" data-width=\"1190\" data-height=\"592\" aria-label=\"&quot;Keep me away from you&quot;, R\u00e9attu Museum, Arles, 2019\" role=\"img\" ><\/div>\n\t\t\t\t\t\t\t\t\t\t\t<div class=\"elementor-gallery-item__overlay\"><\/div>\n\t\t\t\t\t\t\t\t\t\t\t\t\t\t<\/a>\n\t\t\t\t\t\t\t<a class=\"e-gallery-item elementor-gallery-item elementor-animated-content\" href=\"https:\/\/annabelaounblanco.cerfalunettes.fr\/wp-content\/uploads\/2025\/10\/04-big.gif\" data-elementor-open-lightbox=\"yes\" data-elementor-lightbox-slideshow=\"5f512f7\" data-e-action-hash=\"#elementor-action%3Aaction%3Dlightbox%26settings%3DeyJpZCI6MjcwMCwidXJsIjoiaHR0cHM6XC9cL2FubmFiZWxhb3VuYmxhbmNvLmNlcmZhbHVuZXR0ZXMuZnJcL3dwLWNvbnRlbnRcL3VwbG9hZHNcLzIwMjVcLzEwXC8wNC1iaWcuZ2lmIiwic2xpZGVzaG93IjoiNWY1MTJmNyJ9\">\n\t\t\t\t\t<div class=\"e-gallery-image elementor-gallery-item__image\" data-thumbnail=\"https:\/\/annabelaounblanco.cerfalunettes.fr\/wp-content\/uploads\/2025\/10\/04-big.gif\" data-width=\"1190\" data-height=\"793\" aria-label=\"&quot;Keep me away from you&quot;, R\u00e9attu Museum, Arles, 2019\" role=\"img\" ><\/div>\n\t\t\t\t\t\t\t\t\t\t\t<div class=\"elementor-gallery-item__overlay\"><\/div>\n\t\t\t\t\t\t\t\t\t\t\t\t\t\t<\/a>\n\t\t\t\t\t\t\t<a class=\"e-gallery-item elementor-gallery-item elementor-animated-content\" href=\"https:\/\/annabelaounblanco.cerfalunettes.fr\/wp-content\/uploads\/2025\/10\/05-big.gif\" data-elementor-open-lightbox=\"yes\" data-elementor-lightbox-slideshow=\"5f512f7\" data-e-action-hash=\"#elementor-action%3Aaction%3Dlightbox%26settings%3DeyJpZCI6MjcwMSwidXJsIjoiaHR0cHM6XC9cL2FubmFiZWxhb3VuYmxhbmNvLmNlcmZhbHVuZXR0ZXMuZnJcL3dwLWNvbnRlbnRcL3VwbG9hZHNcLzIwMjVcLzEwXC8wNS1iaWcuZ2lmIiwic2xpZGVzaG93IjoiNWY1MTJmNyJ9\">\n\t\t\t\t\t<div class=\"e-gallery-image elementor-gallery-item__image\" data-thumbnail=\"https:\/\/annabelaounblanco.cerfalunettes.fr\/wp-content\/uploads\/2025\/10\/05-big.gif\" data-width=\"1190\" data-height=\"793\" aria-label=\"&quot;Keep me away from you&quot;, R\u00e9attu Museum, Arles, 2019\" role=\"img\" ><\/div>\n\t\t\t\t\t\t\t\t\t\t\t<div class=\"elementor-gallery-item__overlay\"><\/div>\n\t\t\t\t\t\t\t\t\t\t\t\t\t\t<\/a>\n\t\t\t\t\t\t\t<a class=\"e-gallery-item elementor-gallery-item elementor-animated-content\" href=\"https:\/\/annabelaounblanco.cerfalunettes.fr\/wp-content\/uploads\/2025\/10\/06-big.gif\" data-elementor-open-lightbox=\"yes\" data-elementor-lightbox-slideshow=\"5f512f7\" data-e-action-hash=\"#elementor-action%3Aaction%3Dlightbox%26settings%3DeyJpZCI6MjcwMiwidXJsIjoiaHR0cHM6XC9cL2FubmFiZWxhb3VuYmxhbmNvLmNlcmZhbHVuZXR0ZXMuZnJcL3dwLWNvbnRlbnRcL3VwbG9hZHNcLzIwMjVcLzEwXC8wNi1iaWcuZ2lmIiwic2xpZGVzaG93IjoiNWY1MTJmNyJ9\">\n\t\t\t\t\t<div class=\"e-gallery-image elementor-gallery-item__image\" data-thumbnail=\"https:\/\/annabelaounblanco.cerfalunettes.fr\/wp-content\/uploads\/2025\/10\/06-big.gif\" data-width=\"793\" data-height=\"1190\" aria-label=\"&quot;Keep me away from you&quot;, R\u00e9attu Museum, Arles, 2019\" role=\"img\" ><\/div>\n\t\t\t\t\t\t\t\t\t\t\t<div class=\"elementor-gallery-item__overlay\"><\/div>\n\t\t\t\t\t\t\t\t\t\t\t\t\t\t<\/a>\n\t\t\t\t\t\t\t<a class=\"e-gallery-item elementor-gallery-item elementor-animated-content\" href=\"https:\/\/annabelaounblanco.cerfalunettes.fr\/wp-content\/uploads\/2025\/10\/07-big.gif\" data-elementor-open-lightbox=\"yes\" data-elementor-lightbox-slideshow=\"5f512f7\" data-e-action-hash=\"#elementor-action%3Aaction%3Dlightbox%26settings%3DeyJpZCI6MjcwMywidXJsIjoiaHR0cHM6XC9cL2FubmFiZWxhb3VuYmxhbmNvLmNlcmZhbHVuZXR0ZXMuZnJcL3dwLWNvbnRlbnRcL3VwbG9hZHNcLzIwMjVcLzEwXC8wNy1iaWcuZ2lmIiwic2xpZGVzaG93IjoiNWY1MTJmNyJ9\">\n\t\t\t\t\t<div class=\"e-gallery-image elementor-gallery-item__image\" data-thumbnail=\"https:\/\/annabelaounblanco.cerfalunettes.fr\/wp-content\/uploads\/2025\/10\/07-big.gif\" data-width=\"1190\" data-height=\"477\" aria-label=\"&quot;Keep me away from you&quot;, R\u00e9attu Museum, Arles, 2019\" role=\"img\" ><\/div>\n\t\t\t\t\t\t\t\t\t\t\t<div class=\"elementor-gallery-item__overlay\"><\/div>\n\t\t\t\t\t\t\t\t\t\t\t\t\t\t<\/a>\n\t\t\t\t\t\t\t<a class=\"e-gallery-item elementor-gallery-item elementor-animated-content\" href=\"https:\/\/annabelaounblanco.cerfalunettes.fr\/wp-content\/uploads\/2025\/10\/08-big.gif\" data-elementor-open-lightbox=\"yes\" data-elementor-lightbox-slideshow=\"5f512f7\" data-e-action-hash=\"#elementor-action%3Aaction%3Dlightbox%26settings%3DeyJpZCI6MjcwNCwidXJsIjoiaHR0cHM6XC9cL2FubmFiZWxhb3VuYmxhbmNvLmNlcmZhbHVuZXR0ZXMuZnJcL3dwLWNvbnRlbnRcL3VwbG9hZHNcLzIwMjVcLzEwXC8wOC1iaWcuZ2lmIiwic2xpZGVzaG93IjoiNWY1MTJmNyJ9\">\n\t\t\t\t\t<div class=\"e-gallery-image elementor-gallery-item__image\" data-thumbnail=\"https:\/\/annabelaounblanco.cerfalunettes.fr\/wp-content\/uploads\/2025\/10\/08-big.gif\" data-width=\"1190\" data-height=\"793\" aria-label=\"&quot;Keep me away from you&quot;, R\u00e9attu Museum, Arles, 2019\" role=\"img\" ><\/div>\n\t\t\t\t\t\t\t\t\t\t\t<div class=\"elementor-gallery-item__overlay\"><\/div>\n\t\t\t\t\t\t\t\t\t\t\t\t\t\t<\/a>\n\t\t\t\t\t\t\t<a class=\"e-gallery-item elementor-gallery-item elementor-animated-content\" href=\"https:\/\/annabelaounblanco.cerfalunettes.fr\/wp-content\/uploads\/2025\/10\/09-big-1.gif\" data-elementor-open-lightbox=\"yes\" data-elementor-lightbox-slideshow=\"5f512f7\" data-e-action-hash=\"#elementor-action%3Aaction%3Dlightbox%26settings%3DeyJpZCI6MjcwNSwidXJsIjoiaHR0cHM6XC9cL2FubmFiZWxhb3VuYmxhbmNvLmNlcmZhbHVuZXR0ZXMuZnJcL3dwLWNvbnRlbnRcL3VwbG9hZHNcLzIwMjVcLzEwXC8wOS1iaWctMS5naWYiLCJzbGlkZXNob3ciOiI1ZjUxMmY3In0%3D\">\n\t\t\t\t\t<div class=\"e-gallery-image elementor-gallery-item__image\" data-thumbnail=\"https:\/\/annabelaounblanco.cerfalunettes.fr\/wp-content\/uploads\/2025\/10\/09-big-1.gif\" data-width=\"1190\" data-height=\"886\" aria-label=\"&quot;Keep me away from you&quot;, R\u00e9attu Museum, Arles, 2019\" role=\"img\" ><\/div>\n\t\t\t\t\t\t\t\t\t\t\t<div class=\"elementor-gallery-item__overlay\"><\/div>\n\t\t\t\t\t\t\t\t\t\t\t\t\t\t<\/a>\n\t\t\t\t\t\t\t<a class=\"e-gallery-item elementor-gallery-item elementor-animated-content\" href=\"https:\/\/annabelaounblanco.cerfalunettes.fr\/wp-content\/uploads\/2025\/10\/10-big.gif\" data-elementor-open-lightbox=\"yes\" data-elementor-lightbox-slideshow=\"5f512f7\" data-e-action-hash=\"#elementor-action%3Aaction%3Dlightbox%26settings%3DeyJpZCI6MjcwNiwidXJsIjoiaHR0cHM6XC9cL2FubmFiZWxhb3VuYmxhbmNvLmNlcmZhbHVuZXR0ZXMuZnJcL3dwLWNvbnRlbnRcL3VwbG9hZHNcLzIwMjVcLzEwXC8xMC1iaWcuZ2lmIiwic2xpZGVzaG93IjoiNWY1MTJmNyJ9\">\n\t\t\t\t\t<div class=\"e-gallery-image elementor-gallery-item__image\" data-thumbnail=\"https:\/\/annabelaounblanco.cerfalunettes.fr\/wp-content\/uploads\/2025\/10\/10-big.gif\" data-width=\"1003\" data-height=\"1190\" aria-label=\"&quot;Keep me away from you&quot;, R\u00e9attu Museum, Arles, 2019\" role=\"img\" ><\/div>\n\t\t\t\t\t\t\t\t\t\t\t<div class=\"elementor-gallery-item__overlay\"><\/div>\n\t\t\t\t\t\t\t\t\t\t\t\t\t\t<\/a>\n\t\t\t\t\t<\/div>\n\t\t\t\t\t<\/div>\n\t\t\t\t<\/div>\n\t\t\t\t\t<\/div>\n\t\t\t\t<\/div>\n\t\t\t\t<\/div>\n\t\t","protected":false},"excerpt":{"rendered":"<p>Exhibition views<\/p>\n","protected":false},"author":1,"featured_media":0,"parent":0,"menu_order":0,"comment_status":"closed","ping_status":"closed","template":"","meta":{"footnotes":""},"class_list":["post-2696","page","type-page","status-publish","hentry"],"_links":{"self":[{"href":"https:\/\/annabelaounblanco.cerfalunettes.fr\/en\/wp-json\/wp\/v2\/pages\/2696","targetHints":{"allow":["GET"]}}],"collection":[{"href":"https:\/\/annabelaounblanco.cerfalunettes.fr\/en\/wp-json\/wp\/v2\/pages"}],"about":[{"href":"https:\/\/annabelaounblanco.cerfalunettes.fr\/en\/wp-json\/wp\/v2\/types\/page"}],"author":[{"embeddable":true,"href":"https:\/\/annabelaounblanco.cerfalunettes.fr\/en\/wp-json\/wp\/v2\/users\/1"}],"replies":[{"embeddable":true,"href":"https:\/\/annabelaounblanco.cerfalunettes.fr\/en\/wp-json\/wp\/v2\/comments?post=2696"}],"version-history":[{"count":0,"href":"https:\/\/annabelaounblanco.cerfalunettes.fr\/en\/wp-json\/wp\/v2\/pages\/2696\/revisions"}],"wp:attachment":[{"href":"https:\/\/annabelaounblanco.cerfalunettes.fr\/en\/wp-json\/wp\/v2\/media?parent=2696"}],"curies":[{"name":"wp","href":"https:\/\/api.w.org\/{rel}","templated":true}]}}