{"id":2714,"date":"2025-10-16T09:54:50","date_gmt":"2025-10-16T07:54:50","guid":{"rendered":"https:\/\/annabelaounblanco.cerfalunettes.fr\/publications\/"},"modified":"2025-12-18T15:13:31","modified_gmt":"2025-12-18T14:13:31","slug":"publications","status":"publish","type":"page","link":"https:\/\/annabelaounblanco.cerfalunettes.fr\/en\/publications\/","title":{"rendered":"Publications"},"content":{"rendered":"\t\t<div data-elementor-type=\"wp-page\" data-elementor-id=\"2714\" class=\"elementor elementor-2714 elementor-26\" data-elementor-post-type=\"page\">\n\t\t\t\t<div class=\"elementor-element elementor-element-3ec6309 e-flex e-con-boxed e-con e-parent\" data-id=\"3ec6309\" data-element_type=\"container\">\n\t\t\t\t\t<div class=\"e-con-inner\">\n\t\t<div class=\"elementor-element elementor-element-25e9d50 e-con-full e-flex e-con e-child\" data-id=\"25e9d50\" data-element_type=\"container\">\n\t\t\t\t<div class=\"elementor-element elementor-element-636366f elementor-widget__width-inherit elementor-widget elementor-widget-heading\" data-id=\"636366f\" data-element_type=\"widget\" data-widget_type=\"heading.default\">\n\t\t\t\t\t<h1 class=\"elementor-heading-title elementor-size-default\">Publications<\/h1>\t\t\t\t<\/div>\n\t\t\t\t<\/div>\n\t\t<div class=\"elementor-element elementor-element-4c26ae1 e-con-full e-flex e-con e-child\" data-id=\"4c26ae1\" data-element_type=\"container\">\n\t\t\t\t<div class=\"elementor-element elementor-element-4368037 elementor-widget elementor-widget-text-editor\" data-id=\"4368037\" data-element_type=\"widget\" data-widget_type=\"text-editor.default\">\n\t\t\t\t\t\t\t\t\t<h3>2022<\/h3>\n<p>&#8220;ANNABEL AOUN BLANCO AU MUSEE REATTU A ARLES&#8221;, L&#8217;art vues, BTN<\/p>\n<p>&#8220;ANNABEL AOUN BLANCO : coups apr\u00e8s coups&#8221;, Art magazine<\/p>\n<p>&#8220;Annabel AOUN Blanco, act II&#8221;, La Provence, Laurent Rugiero<\/p>\n<p>&#8220;Coups apr\u00e8s Coups&#8221;, ed. Illustria, catalogue of the exhibition &#8220;Coups apr\u00e8s Coups&#8221; (mus\u00e9e R\u00e9attu, Arles), Paul Ardenne art historian, Robert Pujade historian of photography<\/p>\n<h3>2019<\/h3>\n<p>&#8220;\u00c9loigne moi de toi&#8221;, ed. SilvanaEditoriale, catalogue of the exhibition &#8220;\u00c9loigne moi de toi&#8221; (mus\u00e9e R\u00e9attu, Arles), Robert Pujade historian of photography<\/p>\n<p><a href=\"https:\/\/www.artpress.com\/2019\/08\/15\/artpress-a-arles-episode-5\/\" target=\"_blank\" rel=\"noreferrer noopener\">&#8220;ARTPRESS \u00c0 ARLES. \u00c9PISODE 5&#8221;<\/a><a href=\"https:\/\/www.artpress.com\/2019\/08\/15\/artpress-a-arles-episode-5\/\" target=\"_blank\" rel=\"noreferrer noopener\">, art press, \u00c9tienne Hatt<\/a><\/p>\n<p>&#8220;<a href=\"https:\/\/www.lemonde.fr\/blog\/lunettesrouges\/2019\/08\/02\/arles-3-recherches\/\" target=\"_blank\" rel=\"noreferrer noopener\">Arles 3 : recherches&#8221;, Le Monde.fr, Lunettes Rouges<\/a><\/p>\n<p>&#8220;Figures de la disparition | Annabel Aoun Blanco au mus\u00e9e R\u00e9attu, Arles&#8221;, photographie.com, Michel Greni\u00e9<\/p>\n<p>&#8220;Arles est en f\u00eate&#8221;, journal zibeline, Claude Lorin<\/p>\n<p>&#8220;<a href=\"https:\/\/www.arts-spectacles.com\/Exposition-Annabel-Aoun-Blanco-Eloigne-moi-de-toi-Jusqu-au-29-decembre-2019-au-Musee-Reattu-Arles_a14450.html\" target=\"_blank\" rel=\"noreferrer noopener\">Exposition Annabel Aoun Blanco. \u00c9loigne moi de toi. Jusqu\u2019au 29 d\u00e9cembre 2019 au mus\u00e9e R\u00e9attu, Arles&#8221;, Sortir ici et ailleurs magazine des arts et spectacles, Pierre Aimar<\/a><\/p>\n<p><a href=\"https:\/\/www.paperblog.fr\/8937710\/exposition-eloigne-moi-de-toi-annabel-aoun-blanco-we-were-five\/\" target=\"_blank\" rel=\"noreferrer noopener\">&#8220;Exposition &#8220;\u00c9loigne moi de toi&#8221; Annabel Aoun Blanco &#8220;We were five&#8221;, paperblog, Philippe Cadu<\/a><\/p>\n<p>&#8220;<a href=\"https:\/\/www.fisheyemagazine.fr\/decouvertes\/actu\/retour-a-reattu\/\" target=\"_blank\" rel=\"noreferrer noopener\">Retour \u00e0 R\u00e9attu&#8221;, fisheye magazine, Eric Karsenty<\/a><\/p>\n<p>&#8220;Les myst\u00e9rieux dispositifs d\u2019Annabel Aoun Blanco&#8221;, revue Point contemporain, Margot Rouas<\/p>\n<p>&#8220;Annabel Aoun Blanco \u00c9loigne moi de toi au mus\u00e9e R\u00e9attu, Arles&#8221;, FranceFineArt, interview, Anne-Fr\u00e9d\u00e9rique Fer<\/p>\n<p>&#8220;<a href=\"https:\/\/loeildelaphotographie.com\/fr\/arles-2019-annabel-aoun-blanco\/\" target=\"_blank\" rel=\"noreferrer noopener\">Le souvenir d\u2019une certaine image\u2026&#8221;, L\u2019OEIL DE LA PHOTOGRAPHIE, Robert Pujade<\/a><\/p>\n<p>&#8220;Passage(s) en boucle(s)&#8221;, ARIA n\u00b0293, Sandra Alfonsi<\/p>\n<p>&#8220;<a href=\"https:\/\/www.laprovence.com\/article\/sorties-loisirs\/5475076\/annabel-aoun-blanco-sinscrit-dans-le-parcours-de-reattu.html\" target=\"_blank\" rel=\"noreferrer noopener\">Arles : Annabel Aoun Blanco s\u2019inscrit dans le parcours de R\u00e9attu&#8221;, LA PROVENCE, Julia Razil, PH. C. Hi\u00e9ly<\/a><\/p>\n<h3>2018<\/h3>\n<p>&#8220;<a href=\"http:\/\/www.lelitteraire.com\/?p=39570\" target=\"_blank\" rel=\"noreferrer noopener\">L\u2019image qui tente son retour&#8221;, lelitteraire.com, Jean-Paul Gavard-Perret<\/a><\/p>\n<p>&#8220;Annabel Aoun Blanco ou l\u2019image qui revient&#8221;, Les Blogs en partenariat avec blog 24heures, De l\u2019art helv\u00e9tique contemporain, rubrique des arts plastiques et de la litt\u00e9rature en Suisse, Jean-Paul Gavard Perret<\/p>\n<h3>2017<\/h3>\n<p>&#8220;<a href=\"https:\/\/groupelaura.fr\/LAURA23.pdf\" target=\"_blank\" rel=\"noreferrer noopener\">Le r\u00e9alisme magique de la photographie&#8221;, REVUE LAURA #23, J\u00e9r\u00f4me Diacre<\/a><\/p>\n<p>&#8220;<a href=\"https:\/\/socialize-magazine.ch\/lexpo-est-dans-la-rue\/\" target=\"_blank\" rel=\"noreferrer noopener\">L\u2019expo est dans la rue !&#8221;, Socialize magazine, Marie (r\u00e9dactrice)<\/a><\/p>\n<p>&#8220;<a href=\"https:\/\/www.24heures.ch\/vaud-regions\/signe-lausanne\/expo-plein-air-cannibalise-affiches\/story\/22059121\" target=\"_blank\" rel=\"noreferrer noopener\">Une expo en plein air cannibalise des affiches&#8221;, 24 heures, Chlo\u00e9 Banerjee-Din<\/a><\/p>\n<h3>2016<\/h3>\n<p>NOS COUPS DE COEUR DE LA YIA ART FAIR #7, Toutelaculture.com, Hugo Saadi<\/p>\n<p>Le Projet Shin\u00e9ar, 491 Mensuel culturel \u2013 N\u00b0228 septembre<\/p>\n<p>&#8220;<a href=\"http:\/\/www.lelitteraire.com\/?p=24353\" target=\"_blank\" rel=\"noreferrer noopener\">L\u2019intarissable attente de l\u2019incarnation : entretien avec l\u2019artiste Annabel Aoun Blanco&#8221;, lelitteraire.com, Jean-Paul Gavard-Perret, 2016<\/a><\/p>\n<p>&#8220;<a href=\"http:\/\/www.carnetdart.com\/annabel-aoun-blanco\/\" target=\"_blank\" rel=\"noreferrer noopener\">Disparition de l\u2019Imago&#8221;, Carnet d\u2019Art, Jean-Paul Gavard-Perret<\/a><\/p>\n<p>&#8220;Face \u00e0 ce qui se d\u00e9robe : Annabel Aoun Blanco&#8221;, Les Blogs en partenariat avec blog 24heures, De l\u2019art helv\u00e9tique contemporain, rubrique des arts plastiques et de la litt\u00e9rature en Suisse, Jean-Paul Gavard-Perret<\/p>\n<p>&#8220;<a href=\"http:\/\/www.lelitteraire.com\/?p=23819\" target=\"_blank\" rel=\"noreferrer noopener\">Anna\u00adbel Aoun Blanco : effa\u00adce\u00adments, disparitions&#8221;, lelitteraire.com, Jean-Paul Gavard-Perret<\/a><\/p>\n<p>&#8220;Le &#8220;Blank&#8221; d\u2019Annabel Aoun Blanco&#8221;, Lintern@ute salon litt\u00e9raire, Jean-Paul Gavard-Perret<\/p>\n<h3>2015<\/h3>\n<p>&#8220;<a href=\"http:\/\/www.tk-21.com\/TK-21-LaRevue-no-52#Ce-qui-est-retenu\" target=\"_blank\" rel=\"noreferrer noopener\">Ce qui est retenu&#8221;, TK-21 LaRevue n\u00b052, Jean-Louis Poitevin<\/a><\/p>\n<h3>2014<\/h3>\n<p>International Contemporary Artists volume VIII, ICA publishing, New York<\/p>\n<p>&#8220;<a href=\"http:\/\/urdancingrightnow.wordpress.com\/lately\/annabel-aoun-blanco-photo-exposition\/\" target=\"_blank\" rel=\"noreferrer noopener\">you\u2019re dancing right now&#8221;, Photo exposition, Amanda Lynn<\/a><\/p>\n<p>Mois de la photo OFF<\/p>\n<p><a href=\"http:\/\/is-e-art.weebly.com\/annabel-aoun-blanco.html\" target=\"_blank\" rel=\"noreferrer noopener\">interview artists, Is-e-Art<\/a><\/p>\n<h3>2012<\/h3>\n<p><a href=\"http:\/\/www.heliophoto.fr\/portfolio\/laureats\" target=\"_blank\" rel=\"noreferrer noopener\">Les laur\u00e9ats du concours portfolio, HELIO &#8220;le Blog<\/a>&#8220;<\/p>\n<h3>2011<\/h3>\n<p><a href=\"http:\/\/alter1fo.com\/bouillants-3-tentative-dinventaire-subjectif-et-non-exhaustif-33630\" target=\"_blank\" rel=\"noreferrer noopener\">Les Bouillants #3 : tentative d\u2019un inventaire subjectif et non exhaustif, Alter1fo<\/a><\/p>\t\t\t\t\t\t\t\t<\/div>\n\t\t\t\t<\/div>\n\t\t\t\t\t<\/div>\n\t\t\t\t<\/div>\n\t\t\t\t<\/div>\n\t\t","protected":false},"excerpt":{"rendered":"<p>Publications 2022 &#8220;ANNABEL AOUN BLANCO AU MUSEE REATTU A ARLES&#8221;, L&#8217;art vues, BTN &#8220;ANNABEL AOUN BLANCO : coups apr\u00e8s coups&#8221;, Art magazine &#8220;Annabel AOUN Blanco, act II&#8221;, La Provence, Laurent Rugiero &#8220;Coups apr\u00e8s Coups&#8221;, ed. Illustria, catalogue of the exhibition &#8220;Coups apr\u00e8s Coups&#8221; (mus\u00e9e R\u00e9attu, Arles), Paul Ardenne art historian, Robert Pujade historian of photography [&hellip;]<\/p>\n","protected":false},"author":1,"featured_media":0,"parent":0,"menu_order":0,"comment_status":"closed","ping_status":"closed","template":"","meta":{"footnotes":""},"class_list":["post-2714","page","type-page","status-publish","hentry"],"_links":{"self":[{"href":"https:\/\/annabelaounblanco.cerfalunettes.fr\/en\/wp-json\/wp\/v2\/pages\/2714","targetHints":{"allow":["GET"]}}],"collection":[{"href":"https:\/\/annabelaounblanco.cerfalunettes.fr\/en\/wp-json\/wp\/v2\/pages"}],"about":[{"href":"https:\/\/annabelaounblanco.cerfalunettes.fr\/en\/wp-json\/wp\/v2\/types\/page"}],"author":[{"embeddable":true,"href":"https:\/\/annabelaounblanco.cerfalunettes.fr\/en\/wp-json\/wp\/v2\/users\/1"}],"replies":[{"embeddable":true,"href":"https:\/\/annabelaounblanco.cerfalunettes.fr\/en\/wp-json\/wp\/v2\/comments?post=2714"}],"version-history":[{"count":0,"href":"https:\/\/annabelaounblanco.cerfalunettes.fr\/en\/wp-json\/wp\/v2\/pages\/2714\/revisions"}],"wp:attachment":[{"href":"https:\/\/annabelaounblanco.cerfalunettes.fr\/en\/wp-json\/wp\/v2\/media?parent=2714"}],"curies":[{"name":"wp","href":"https:\/\/api.w.org\/{rel}","templated":true}]}}