{"id":2724,"date":"2025-10-16T09:54:26","date_gmt":"2025-10-16T07:54:26","guid":{"rendered":"https:\/\/annabelaounblanco.cerfalunettes.fr\/curriculum-vitae\/"},"modified":"2025-12-18T10:59:49","modified_gmt":"2025-12-18T09:59:49","slug":"curriculum-vitae","status":"publish","type":"page","link":"https:\/\/annabelaounblanco.cerfalunettes.fr\/en\/curriculum-vitae\/","title":{"rendered":"Curriculum vitae"},"content":{"rendered":"\t\t<div data-elementor-type=\"wp-page\" data-elementor-id=\"2724\" class=\"elementor elementor-2724 elementor-22\" data-elementor-post-type=\"page\">\n\t\t\t\t<div class=\"elementor-element elementor-element-b455b12 e-flex e-con-boxed e-con e-parent\" data-id=\"b455b12\" data-element_type=\"container\">\n\t\t\t\t\t<div class=\"e-con-inner\">\n\t\t<div class=\"elementor-element elementor-element-29c8f6a e-con-full e-flex e-con e-child\" data-id=\"29c8f6a\" data-element_type=\"container\">\n\t\t\t\t<div class=\"elementor-element elementor-element-902d481 elementor-widget__width-inherit elementor-widget elementor-widget-heading\" data-id=\"902d481\" data-element_type=\"widget\" data-widget_type=\"heading.default\">\n\t\t\t\t\t<h1 class=\"elementor-heading-title elementor-size-default\">Curriculum vitae<\/h1>\t\t\t\t<\/div>\n\t\t\t\t<\/div>\n\t\t<div class=\"elementor-element elementor-element-44ca61a e-con-full e-flex e-con e-child\" data-id=\"44ca61a\" data-element_type=\"container\">\n\t\t<div class=\"elementor-element elementor-element-3531c5d e-con-full e-flex e-con e-child\" data-id=\"3531c5d\" data-element_type=\"container\">\n\t\t<div class=\"elementor-element elementor-element-aa00647 e-con-full e-flex e-con e-child\" data-id=\"aa00647\" data-element_type=\"container\">\n\t\t\t\t<div class=\"elementor-element elementor-element-c38be03 elementor-widget elementor-widget-image\" data-id=\"c38be03\" data-element_type=\"widget\" data-widget_type=\"image.default\">\n\t\t\t\t\t\t\t\t\t\t\t\t\t\t\t\t<a href=\"https:\/\/annabelaounblanco.cerfalunettes.fr\/wp-content\/uploads\/2025\/10\/CV.webp\" data-elementor-open-lightbox=\"yes\" data-elementor-lightbox-title=\"&quot;Coups apr\u00e8s coups&quot;, mus\u00e9e R\u00e9attu, Arles, 2022\" data-e-action-hash=\"#elementor-action%3Aaction%3Dlightbox%26settings%3DeyJpZCI6MjcyOCwidXJsIjoiaHR0cHM6XC9cL2FubmFiZWxhb3VuYmxhbmNvLmNlcmZhbHVuZXR0ZXMuZnJcL3dwLWNvbnRlbnRcL3VwbG9hZHNcLzIwMjVcLzEwXC9DVi53ZWJwIn0%3D\">\n\t\t\t\t\t\t\t<img fetchpriority=\"high\" decoding=\"async\" width=\"341\" height=\"471\" src=\"https:\/\/annabelaounblanco.cerfalunettes.fr\/wp-content\/uploads\/2025\/10\/CV.webp\" class=\"attachment-large size-large wp-image-2728\" alt=\"&quot;Coups apr\u00e8s coups&quot;, mus\u00e9e R\u00e9attu, Arles, 2022\" srcset=\"https:\/\/annabelaounblanco.cerfalunettes.fr\/wp-content\/uploads\/2025\/10\/CV.webp 341w, https:\/\/annabelaounblanco.cerfalunettes.fr\/wp-content\/uploads\/2025\/10\/CV-217x300.webp 217w\" sizes=\"(max-width: 341px) 100vw, 341px\" \/>\t\t\t\t\t\t\t\t<\/a>\n\t\t\t\t\t\t\t\t\t\t\t\t\t\t\t<\/div>\n\t\t\t\t<\/div>\n\t\t<div class=\"elementor-element elementor-element-86efdbe e-con-full e-flex e-con e-child\" data-id=\"86efdbe\" data-element_type=\"container\">\n\t\t\t\t<div class=\"elementor-element elementor-element-89a9a9c elementor-widget elementor-widget-image\" data-id=\"89a9a9c\" data-element_type=\"widget\" data-widget_type=\"image.default\">\n\t\t\t\t\t\t\t\t\t\t\t\t\t\t\t\t<a href=\"https:\/\/annabelaounblanco.cerfalunettes.fr\/wp-content\/uploads\/2025\/10\/Annabelle-cv.webp\" data-elementor-open-lightbox=\"yes\" data-elementor-lightbox-title=\"&quot;\u00c9loigne moi de toi&quot;, mus\u00e9e R\u00e9attu, Arles, 2019\" data-e-action-hash=\"#elementor-action%3Aaction%3Dlightbox%26settings%3DeyJpZCI6MjcyOSwidXJsIjoiaHR0cHM6XC9cL2FubmFiZWxhb3VuYmxhbmNvLmNlcmZhbHVuZXR0ZXMuZnJcL3dwLWNvbnRlbnRcL3VwbG9hZHNcLzIwMjVcLzEwXC9Bbm5hYmVsbGUtY3Yud2VicCJ9\">\n\t\t\t\t\t\t\t<img decoding=\"async\" width=\"341\" height=\"471\" src=\"https:\/\/annabelaounblanco.cerfalunettes.fr\/wp-content\/uploads\/2025\/10\/Annabelle-cv.webp\" class=\"attachment-large size-large wp-image-2729\" alt=\"&quot;\u00c9loigne moi de toi&quot;, mus\u00e9e R\u00e9attu, Arles, 2019\" srcset=\"https:\/\/annabelaounblanco.cerfalunettes.fr\/wp-content\/uploads\/2025\/10\/Annabelle-cv.webp 341w, https:\/\/annabelaounblanco.cerfalunettes.fr\/wp-content\/uploads\/2025\/10\/Annabelle-cv-217x300.webp 217w\" sizes=\"(max-width: 341px) 100vw, 341px\" \/>\t\t\t\t\t\t\t\t<\/a>\n\t\t\t\t\t\t\t\t\t\t\t\t\t\t\t<\/div>\n\t\t\t\t<\/div>\n\t\t\t\t<\/div>\n\t\t\t\t<div class=\"elementor-element elementor-element-c5e8ff0 elementor-widget elementor-widget-text-editor\" data-id=\"c5e8ff0\" data-element_type=\"widget\" data-widget_type=\"text-editor.default\">\n\t\t\t\t\t\t\t\t\t<p>Annabel Aoun Blanco, of French Lebanese Venezuelan origin, was born in 1987 in Paris.<\/p><p>She lives and works in Paris and Arles.<\/p>\t\t\t\t\t\t\t\t<\/div>\n\t\t\t\t<div class=\"elementor-element elementor-element-00b27d1 elementor-widget elementor-widget-text-editor\" data-id=\"00b27d1\" data-element_type=\"widget\" data-widget_type=\"text-editor.default\">\n\t\t\t\t\t\t\t\t\tEducation\t\t\t\t\t\t\t\t<\/div>\n\t\t\t\t<div class=\"elementor-element elementor-element-9fe8280 elementor-widget elementor-widget-text-editor\" data-id=\"9fe8280\" data-element_type=\"widget\" data-widget_type=\"text-editor.default\">\n\t\t\t\t\t\t\t\t\t<p>2012: DNSEP, Ecole europ\u00e9enne sup\u00e9rieure d\u2019art de Bretagne (EESAB), Rennes, France<br \/>2010: DNAP with honors, Ecole sup\u00e9rieure d\u2019art de Bretagne (EESAB), Rennes, France<\/p>\t\t\t\t\t\t\t\t<\/div>\n\t\t\t\t<div class=\"elementor-element elementor-element-f5e8709 elementor-widget elementor-widget-text-editor\" data-id=\"f5e8709\" data-element_type=\"widget\" data-widget_type=\"text-editor.default\">\n\t\t\t\t\t\t\t\t\tUpcoming Exhibitions\t\t\t\t\t\t\t\t<\/div>\n\t\t\t\t<div class=\"elementor-element elementor-element-6355ef6 elementor-widget elementor-widget-text-editor\" data-id=\"6355ef6\" data-element_type=\"widget\" data-widget_type=\"text-editor.default\">\n\t\t\t\t\t\t\t\t\t<p><strong>2026<\/strong><br \/>solo exhibition, muse\u0301e Re\u0301attu, curator: Daniel Rouvier, Arles, France<\/p>\t\t\t\t\t\t\t\t<\/div>\n\t\t\t\t<div class=\"elementor-element elementor-element-a9c5f2b elementor-widget elementor-widget-text-editor\" data-id=\"a9c5f2b\" data-element_type=\"widget\" data-widget_type=\"text-editor.default\">\n\t\t\t\t\t\t\t\t\tSolo Exhibitions\n\t\t\t\t\t\t\t\t<\/div>\n\t\t\t\t<div class=\"elementor-element elementor-element-4d266b0 elementor-widget elementor-widget-text-editor\" data-id=\"4d266b0\" data-element_type=\"widget\" data-widget_type=\"text-editor.default\">\n\t\t\t\t\t\t\t\t\t<p><strong>2022<\/strong><br>\u201cCoups apre\u0300s coups\u201d, muse\u0301e Re\u0301attu, curator: Daniel Rouvier, Arles, France<\/p>\n<p><b>2019<\/b><br>\u201c\u00c9loigne moi de toi\u201d, muse\u0301e Re\u0301attu, curator: Daniel Rouvier, Arles, France<\/p>\n<p><b>2018<\/b><br>\u201cReviens\u201d, Galerie Elizabeth Couturier, Lyon, France<\/p>\n<p><b>2016<\/b><br>YIA Young International Art Fair #7, Galerie Elizabeth Couturier, Carreau du Temple, Paris, France \u201cDesvoile\u0301s\u201d, Galerie Elizabeth Couturier, September of photography, Lyon, France<\/p>\n<p><b>2014<\/b><br>\u201cAlgumenes\u201d, Mamia Bretesche\u0301 Gallery, Mois de la photo-OFF Festival, Paris, France<\/p>\n<p><b>2012<\/b><br>\u201cChirurgie et Reconstruction\u201d, K-Barre\u0301 Festival, Galerie du 4 bis, Rennes, France<\/p>\t\t\t\t\t\t\t\t<\/div>\n\t\t\t\t<div class=\"elementor-element elementor-element-c1f3826 elementor-widget elementor-widget-text-editor\" data-id=\"c1f3826\" data-element_type=\"widget\" data-widget_type=\"text-editor.default\">\n\t\t\t\t\t\t\t\t\tGroup Exhibitions\t\t\t\t\t\t\t\t<\/div>\n\t\t\t\t<div class=\"elementor-element elementor-element-35deaaa elementor-widget elementor-widget-text-editor\" data-id=\"35deaaa\" data-element_type=\"widget\" data-widget_type=\"text-editor.default\">\n\t\t\t\t\t\t\t\t\t<p><b>2020\u00a0<\/b><br \/>&#8220;Correspondances&#8221;, La Galerie Rouge, Paris, France<\/p><p><b>2019<\/b><br \/>&#8220;La Passeggiata&#8221;, Galerie Agathe Gaillard, Paris, France<\/p><p><b>2018<\/b><br \/>\u201cExpression de visage\u201d, Galerie Eulenspiegel (Basel), Art House Paradielsi, Sigriswil, Switzerland<br \/>\u201cImpermanence\u201d, La Ferme de la Chapelle, Grand-Lancy, Switzerland<br \/>\u201cTemps libre\u201d, Galerie Vanessa Quang, curator: Reynald Drouhin, Paris, France<\/p><p><b>2017<\/b><br \/>\u201cAVANT-PREMIERE\u201d, Galerie Elizabeth Couturier Gallery, Lyon, France <br \/>Poster campaign for the publication of the art book &#8220;Canibal&#8221; by Hugo Bonamin published by Baudoin Lebon, 66 works contribute to the book and 26 artists are exhibited in the streets of Lausanne in Switzerland<\/p><p><b>2016<\/b><br \/>\u201cSilence \/ Surface\u201d, Galerie Hors-Champs, Paris, France <br \/>\u201cSummer show\u201d, Galerie Martine Ehmer, Brussels, Belgium<br \/>\u201cSummer collective 8\u201d, Galerie D'(A), Lausanne, Switzerland<\/p><p><b>2015<\/b><br \/>St-Art, European Contemporary Art Fair, Galerie No Smoking, Strasbourg, France<br \/>\u201cChild Care For All\u201d exhibition and charity auction of contemporary art, Association FIK (France India Karnataka), President of the association: Juliette Ghatradyal, PIASA, auction house Paris, France<br \/>\u201cCe qui est retenu\u201d, Galerie Hors-Champs, Paris, France<br \/>\u201cLa voie du c\u0153ur\u201d, Galerie Art&#8217;Course, Strasbourg, France <br \/>\u201cBasqa\u201d, MAC (Institute of Contemporary Art), Pe\u0301rouges, France<\/p><p><b>2014<\/b><br \/>Singapore Art Fair, Mamia Bretesche\u0301 Gallery, Singapore, Malaysia<br \/>Fotofever, Photography Art Fair, Carrousel du Louvre, Mamia Bretesche\u0301 Gallery, Paris, France<br \/>\u201cFading figure\u201d, Morbee Gallery, Brussels, Belgium <br \/>Oran Mediterranean Biennial of contemporary art, Oran, Algeria<br \/>\u201cEMA\u201d, Galerie Quai 26, Lille, France<br \/>\u201cThere and back again\u201d, Gallery Fly Auctions &amp; Art Services, Berlin, Germany<\/p><p><b>2013<\/b><br \/>Festival Court Me\u0301trange, Parcours Me\u0301trange, The\u0301a\u0302tre national de Bretagne (TNB), Rennes, France<br \/>International Emerging Artist Award (IEAA) online gallery <br \/>Galerie Nadar, Tourcoing, France<br \/>\u201cUrban Wilderness\u201d, Gallery Fly Auctions &amp; Art Services, Hamburg, Germany<\/p><p><b>2012<\/b><br \/>L&#8217;Oeil D&#8217;Oodaq Festival, Rennes, France<\/p><p><b>2011<\/b><br \/>Gamerz Festival, Aix-en-Provence, France<br \/>Les Bouillants Festival, Rennes, France<br \/>\u201cSchwenke Art Prize\u201d, Gallery Fly Auctions &amp; Art Services, Hamburg, Germany<br \/>\u201cHigh Spirits\u201d, incl. catalogue, Gallery Fly Auctions &amp; Services, Hamburg, Germany<\/p><p><b>2010<\/b><br \/>\u201cHamburg Calling\u201d, Gallery Fly Auctions &amp; Art Services, Hamburg, Germany<br \/>\u201cThe abakus\u201d, Gallery Fly Auctions &amp; Art Services, Berlin, Germany<\/p>\t\t\t\t\t\t\t\t<\/div>\n\t\t\t\t<div class=\"elementor-element elementor-element-9c520c4 elementor-widget elementor-widget-text-editor\" data-id=\"9c520c4\" data-element_type=\"widget\" data-widget_type=\"text-editor.default\">\n\t\t\t\t\t\t\t\t\tAwards\t\t\t\t\t\t\t\t<\/div>\n\t\t\t\t<div class=\"elementor-element elementor-element-ad5603b elementor-widget elementor-widget-text-editor\" data-id=\"ad5603b\" data-element_type=\"widget\" data-widget_type=\"text-editor.default\">\n\t\t\t\t\t\t\t\t\t<strong>2012<\/strong><br>\nWinner of the portfolio competition of the 10th \u201cExposition Rencontres du livre et de la photographie\u201d, Tourcoing, France\t\t\t\t\t\t\t\t<\/div>\n\t\t\t\t<\/div>\n\t\t\t\t\t<\/div>\n\t\t\t\t<\/div>\n\t\t\t\t<\/div>\n\t\t","protected":false},"excerpt":{"rendered":"<p>Curriculum vitae Annabel Aoun Blanco, of French Lebanese Venezuelan origin, was born in 1987 in Paris. She lives and works in Paris and Arles. Education 2012: DNSEP, Ecole europ\u00e9enne sup\u00e9rieure d\u2019art de Bretagne (EESAB), Rennes, France2010: DNAP with honors, Ecole sup\u00e9rieure d\u2019art de Bretagne (EESAB), Rennes, France Upcoming Exhibitions 2026solo exhibition, muse\u0301e Re\u0301attu, curator: Daniel [&hellip;]<\/p>\n","protected":false},"author":1,"featured_media":0,"parent":0,"menu_order":0,"comment_status":"closed","ping_status":"closed","template":"","meta":{"footnotes":""},"class_list":["post-2724","page","type-page","status-publish","hentry"],"_links":{"self":[{"href":"https:\/\/annabelaounblanco.cerfalunettes.fr\/en\/wp-json\/wp\/v2\/pages\/2724","targetHints":{"allow":["GET"]}}],"collection":[{"href":"https:\/\/annabelaounblanco.cerfalunettes.fr\/en\/wp-json\/wp\/v2\/pages"}],"about":[{"href":"https:\/\/annabelaounblanco.cerfalunettes.fr\/en\/wp-json\/wp\/v2\/types\/page"}],"author":[{"embeddable":true,"href":"https:\/\/annabelaounblanco.cerfalunettes.fr\/en\/wp-json\/wp\/v2\/users\/1"}],"replies":[{"embeddable":true,"href":"https:\/\/annabelaounblanco.cerfalunettes.fr\/en\/wp-json\/wp\/v2\/comments?post=2724"}],"version-history":[{"count":0,"href":"https:\/\/annabelaounblanco.cerfalunettes.fr\/en\/wp-json\/wp\/v2\/pages\/2724\/revisions"}],"wp:attachment":[{"href":"https:\/\/annabelaounblanco.cerfalunettes.fr\/en\/wp-json\/wp\/v2\/media?parent=2724"}],"curies":[{"name":"wp","href":"https:\/\/api.w.org\/{rel}","templated":true}]}}